{"id":78,"date":"2017-12-12T11:24:21","date_gmt":"2017-12-12T15:24:21","guid":{"rendered":"http:\/\/ayuntamiento.guineo\/transparencia\/?page_id=78"},"modified":"2024-10-09T12:23:27","modified_gmt":"2024-10-09T16:23:27","slug":"definicion-oaim-oficina-de-acceso-a-la-informacion-municipal","status":"publish","type":"page","link":"https:\/\/ayuntamientopedrosantana.gob.do\/transparencia\/definicion-oaim-oficina-de-acceso-a-la-informacion-municipal\/","title":{"rendered":"Responsable de Libre Acceso a la Informaci\u00f3n"},"content":{"rendered":"<p><span style=\"font-size: 14pt\"><strong>Contactos del responsable de libre acceso a la informaci\u00f3n\u00a0<\/strong><\/span><\/p>\n<p class=\"paragraph ng-attr-widget\"><strong>Laidy Glorianny Canela Aquino<\/strong><\/p>\n<p class=\"paragraph ng-attr-widget\"><strong>Responsable de libre acceso a la informaci\u00f3n (RAI)<\/strong><\/p>\n<p>Tel\u00e9fonos: (809)-389-0475 \/ (829) 599-7876<\/p>\n<p>Dominio de la RAI:libreaccesoalainformacion<strong>@ayuntamientopedrosantana.gob.do<\/strong><\/p>\n<p>Correo institucional:<strong> ayuntamientopedrosantana074@gmail.com<\/strong><\/p>\n<p>Direcci\u00f3n: C\/Mar\u00eda Trinidad S\u00e1nchez, No. 14. Pedro Santana, El\u00edas Pi\u00f1a, Republica Dominicana.<\/p>\n","protected":false},"excerpt":{"rendered":"Contactos del responsable de libre acceso a la informaci\u00f3n\u00a0 Laidy Glorianny Canela Aquino Responsable de libre acceso a la informaci\u00f3n (RAI) Tel\u00e9fonos: (809)-389-0475 \/ (829) 599-7876 Dominio de la RAI:libreaccesoalainformacion@ayuntamientopedrosantana.gob.do Correo institucional: ayuntamientopedrosantana074@gmail.com Direcci\u00f3n: C\/Mar\u00eda Trinidad S\u00e1nchez, No. 14. Pedro Santana, El\u00edas Pi\u00f1a, Republica Dominicana.","protected":false},"author":4,"featured_media":0,"parent":0,"menu_order":0,"comment_status":"closed","ping_status":"closed","template":"","meta":[],"acf":[],"_links":{"self":[{"href":"https:\/\/ayuntamientopedrosantana.gob.do\/transparencia\/wp-json\/wp\/v2\/pages\/78"}],"collection":[{"href":"https:\/\/ayuntamientopedrosantana.gob.do\/transparencia\/wp-json\/wp\/v2\/pages"}],"about":[{"href":"https:\/\/ayuntamientopedrosantana.gob.do\/transparencia\/wp-json\/wp\/v2\/types\/page"}],"author":[{"embeddable":true,"href":"https:\/\/ayuntamientopedrosantana.gob.do\/transparencia\/wp-json\/wp\/v2\/users\/4"}],"replies":[{"embeddable":true,"href":"https:\/\/ayuntamientopedrosantana.gob.do\/transparencia\/wp-json\/wp\/v2\/comments?post=78"}],"version-history":[{"count":10,"href":"https:\/\/ayuntamientopedrosantana.gob.do\/transparencia\/wp-json\/wp\/v2\/pages\/78\/revisions"}],"predecessor-version":[{"id":1004,"href":"https:\/\/ayuntamientopedrosantana.gob.do\/transparencia\/wp-json\/wp\/v2\/pages\/78\/revisions\/1004"}],"wp:attachment":[{"href":"https:\/\/ayuntamientopedrosantana.gob.do\/transparencia\/wp-json\/wp\/v2\/media?parent=78"}],"curies":[{"name":"wp","href":"https:\/\/api.w.org\/{rel}","templated":true}]}}